{"id":56,"date":"2013-08-26T08:19:56","date_gmt":"2013-08-26T08:19:56","guid":{"rendered":"http:\/\/turbinegraz.wordpress.com\/?page_id=56"},"modified":"2026-01-07T10:36:42","modified_gmt":"2026-01-07T08:36:42","slug":"midi-sportskanonen","status":"publish","type":"page","link":"http:\/\/sportskanonen.org\/?page_id=56","title":{"rendered":"MIDI-SPORTSKANONEN"},"content":{"rendered":"\n<p><\/p>\n\n\n\n<h4 class=\"wp-block-heading\"><b><span style=\"color: #ff6600;\"><span style=\"text-decoration: underline;\">MIDI-Sportskanonen (ohne Begleitperson)<\/span><\/span><\/b><\/h4>\n\n\n\n<h4 class=\"wp-block-heading\"><b><span style=\"color: #ff6600;\"><span style=\"text-decoration: underline;\">(Midi 1\u00a0 =\u00a0 4 &#8211; 5 Jahre, Midi 2 =\u00a0 5 &#8211; 6 Jahre)<\/span>\u00a0<\/span>\u00a0 \u00a0 \u00a0 \u00a0 \u00a0 \u00a0 \u00a0 \u00a0 \u00a0 \u00a0 \u00a0 \u00a0 \u00a0 \u00a0 \u00a0 \u00a0 \u00a0 \u00a0 \u00a0 \u00a0 \u00a0 \u00a0 \u00a0 \u00a0 \u00a0 \u00a0 \u00a0 \u00a0 \u00a0 \u00a0 \u00a0\u00a0<span style=\"text-decoration: underline;\"><br><\/span><\/b><\/h4>\n\n\n\n<p>In phantasievollen und herausfordernden Turneinheiten k\u00f6nnen unsere gr\u00f6\u00dferen Sportskanonen bereits <strong>ohne Begleitung<\/strong> ihre bestehenden F\u00e4higkeiten ausbauen, ihre Kreativit\u00e4t wecken und gemeinsam mit Freunden in verschiedene Sportarten hinein schnuppern.<\/p>\n\n\n\n<p>Wir wollen vor allem die Entwicklung von Bewegungssicherheit schulen und das Selbstbewusstsein st\u00e4rken.<\/p>\n\n\n\n<p><!-- [if gte mso 9]&gt;--><\/p>\n\n\n\n<p><span style=\"text-decoration: underline;\"><strong>Kurszeit:<\/strong><\/span><strong>&nbsp; <\/strong><\/p>\n\n\n\n<div class=\"wp-block-group is-layout-flow\"><div class=\"wp-block-group__inner-container\">\n<h6 class=\"wp-block-heading has-dark-gray-color has-text-color\"><strong>MIDI 1 (4 &#8211; 5 Jahre)&nbsp;<span style=\"color: #ff6600;\"> <span style=\"color: #000000;\">M<\/span><\/span>ittwoch, 15.00 &#8211; 15.55 Uhr&nbsp; <\/strong>   <\/h6>\n\n\n\n<p class=\"has-dark-gray-color has-text-color\"><strong>MIDI 2 (5 &#8211; 6 Jahre)&nbsp;Mittwoch, 16.00 &#8211; 16.55 Uhr<\/strong> &nbsp;<strong>&nbsp;     <\/strong><\/p>\n\n\n\n<p><span style=\"text-decoration: underline;\"><strong>Kursort:<\/strong><\/span><strong>&nbsp; Mehrzweckhalle Weinitzen&nbsp; &nbsp;&nbsp;<\/strong><\/p>\n<\/div><\/div>\n\n\n\n<p><span style=\"text-decoration: underline;\"><strong>\u00dcbungsleiterin:<\/strong><\/span><strong>&nbsp; Caroline Pincus<\/strong>, <strong>Melissa Krasser<\/strong><\/p>\n\n\n\n<p><span style=\"text-decoration: underline;\"><strong>Kosten pro Semester:<\/strong><\/span><strong>&nbsp; 80&nbsp;\u20ac (Geschwisterkind: 65&nbsp;\u20ac)<\/strong><\/p>\n\n\n\n<h3 class=\"wp-block-heading\">Anmeldung: <a href=\"https:\/\/partner.venuzle.at\/sportunion-sportskanonen-weinitzen\/courses\/\">hier<\/a><\/h3>\n\n\n\n<h6 class=\"wp-block-heading\"><strong>Wir bitten den Kursbeitrag ausschlie\u00dflich per Onlinebanking zu bezahlen.<\/strong><\/h6>\n\n\n\n<p class=\"has-text-align-left\"><span style=\"color: #ff6600;\"><strong>Kontoverbindung:<\/strong><\/span><\/p>\n\n\n\n<p><strong>Kontoverbindung:<\/strong><\/p>\n\n\n\n<div class=\"wp-block-group is-vertical is-layout-flex wp-container-2\">\n<p class=\"has-text-align-left\"><span style=\"color: #ff6600;\">Raiffeisenbank Graz Mariatrost<\/span><\/p>\n\n\n\n<p class=\"has-text-align-left\"><span style=\"color: #ff6600;\">Kto.Nr.: 4.192.621 <\/span><\/p>\n\n\n\n<p class=\"has-text-align-left\"><span style=\"font-size: 12pt; font-family: Calibri; color: #ff6600;\">BLZ: 38377<\/span><\/p>\n\n\n\n<p class=\"has-text-align-left\"><span style=\"font-size: 12pt; font-family: Calibri; color: #ff6600;\">(IBAN: AT66 3837 7000 0419 2621 BIC: RZSTAT2G377)<\/span><\/p>\n<\/div>\n\n\n\n<div id=\"envira-gallery-wrap-1155\" class=\"envira-gallery-wrap envira-gallery-theme-base envira-lightbox-theme-base\" itemscope itemtype=\"https:\/\/schema.org\/ImageGallery\"><div data-row-height=\"\" data-gallery-theme=\"\" id=\"envira-gallery-1155\" class=\"envira-gallery-public  envira-gallery-3-columns envira-clear enviratope envira-gallery-css-animations\" data-envira-columns=\"3\"><div id=\"envira-gallery-item-1156\" class=\"envira-gallery-item enviratope-item envira-gallery-item-1\" style=\"padding-left: 5px; padding-bottom: 10px; padding-right: 5px;\"  itemscope itemtype=\"https:\/\/schema.org\/ImageObject\"><div class=\"envira-gallery-item-inner\"><div class=\"envira-gallery-position-overlay  envira-gallery-top-left\"><\/div><div class=\"envira-gallery-position-overlay  envira-gallery-top-right\"><\/div><div class=\"envira-gallery-position-overlay  envira-gallery-bottom-left\"><\/div><div class=\"envira-gallery-position-overlay  envira-gallery-bottom-right\"><\/div><a href=\"http:\/\/sportskanonen.org\/wp-content\/uploads\/2015\/07\/DSC06703.jpg\" class=\"envira-gallery-1155 envira-gallery-link\" rel=\"enviragallery1155\" title=\"SONY DSC\" data-envira-caption=\"SONY DSC\" data-envira-retina=\"\" data-thumbnail=\"\"  itemprop=\"contentUrl\"><div class=\"envira-lazy\" data-test-width=\"960\" data-test-height=\"300\" style=\"padding-bottom:31.25%;\"><img id=\"envira-gallery-image-1156\" class=\"envira-gallery-image envira-gallery-image-1\" data-envira-index=\"1\" src=\"http:\/\/sportskanonen.org\/wp-content\/uploads\/2015\/07\/DSC06703-1024x680-960x300.jpg\" data-envira-src=\"http:\/\/sportskanonen.org\/wp-content\/uploads\/2015\/07\/DSC06703-1024x680-960x300.jpg\" data-envira-gallery-id=\"1155\" data-envira-item-id=\"1156\" data-envira-caption=\"SONY DSC\" alt=\"\" title=\"SONY DSC\"  itemprop=\"thumbnailUrl\" data-envira-srcset=\"http:\/\/sportskanonen.org\/wp-content\/uploads\/2015\/07\/DSC06703-1024x680-960x300.jpg 400w,http:\/\/sportskanonen.org\/wp-content\/uploads\/2015\/07\/DSC06703-1024x680-960x300.jpg 2x\" srcset=\"data:image\/gif;base64,R0lGODlhAQABAIAAAP\/\/\/\/\/\/\/yH5BAEKAAEALAAAAAABAAEAAAICTAEAOw==\" \/><\/div><\/a><\/div><\/div><div id=\"envira-gallery-item-1157\" class=\"envira-gallery-item enviratope-item envira-gallery-item-2\" style=\"padding-left: 5px; padding-bottom: 10px; padding-right: 5px;\"  itemscope itemtype=\"https:\/\/schema.org\/ImageObject\"><div class=\"envira-gallery-item-inner\"><div class=\"envira-gallery-position-overlay  envira-gallery-top-left\"><\/div><div class=\"envira-gallery-position-overlay  envira-gallery-top-right\"><\/div><div class=\"envira-gallery-position-overlay  envira-gallery-bottom-left\"><\/div><div class=\"envira-gallery-position-overlay  envira-gallery-bottom-right\"><\/div><a href=\"http:\/\/sportskanonen.org\/wp-content\/uploads\/2015\/07\/DSC06796.jpg\" class=\"envira-gallery-1155 envira-gallery-link\" rel=\"enviragallery1155\" title=\"SONY DSC\" data-envira-caption=\"SONY DSC\" data-envira-retina=\"\" data-thumbnail=\"\"  itemprop=\"contentUrl\"><div class=\"envira-lazy\" data-test-width=\"960\" data-test-height=\"300\" style=\"padding-bottom:31.25%;\"><img id=\"envira-gallery-image-1157\" class=\"envira-gallery-image envira-gallery-image-2\" data-envira-index=\"2\" src=\"http:\/\/sportskanonen.org\/wp-content\/uploads\/2015\/07\/DSC06796-1024x680-960x300.jpg\" data-envira-src=\"http:\/\/sportskanonen.org\/wp-content\/uploads\/2015\/07\/DSC06796-1024x680-960x300.jpg\" data-envira-gallery-id=\"1155\" data-envira-item-id=\"1157\" data-envira-caption=\"SONY DSC\" alt=\"\" title=\"SONY DSC\"  itemprop=\"thumbnailUrl\" data-envira-srcset=\"http:\/\/sportskanonen.org\/wp-content\/uploads\/2015\/07\/DSC06796-1024x680-960x300.jpg 400w,http:\/\/sportskanonen.org\/wp-content\/uploads\/2015\/07\/DSC06796-1024x680-960x300.jpg 2x\" srcset=\"data:image\/gif;base64,R0lGODlhAQABAIAAAP\/\/\/\/\/\/\/yH5BAEKAAEALAAAAAABAAEAAAICTAEAOw==\" \/><\/div><\/a><\/div><\/div><div id=\"envira-gallery-item-1158\" class=\"envira-gallery-item enviratope-item envira-gallery-item-3\" style=\"padding-left: 5px; padding-bottom: 10px; padding-right: 5px;\"  itemscope itemtype=\"https:\/\/schema.org\/ImageObject\"><div class=\"envira-gallery-item-inner\"><div class=\"envira-gallery-position-overlay  envira-gallery-top-left\"><\/div><div class=\"envira-gallery-position-overlay  envira-gallery-top-right\"><\/div><div class=\"envira-gallery-position-overlay  envira-gallery-bottom-left\"><\/div><div class=\"envira-gallery-position-overlay  envira-gallery-bottom-right\"><\/div><a href=\"http:\/\/sportskanonen.org\/wp-content\/uploads\/2015\/07\/DSC06877.jpg\" class=\"envira-gallery-1155 envira-gallery-link\" rel=\"enviragallery1155\" title=\"SONY DSC\" data-envira-caption=\"SONY DSC\" data-envira-retina=\"\" data-thumbnail=\"\"  itemprop=\"contentUrl\"><div class=\"envira-lazy\" data-test-width=\"960\" data-test-height=\"300\" style=\"padding-bottom:31.25%;\"><img id=\"envira-gallery-image-1158\" class=\"envira-gallery-image envira-gallery-image-3\" data-envira-index=\"3\" src=\"http:\/\/sportskanonen.org\/wp-content\/uploads\/2015\/07\/DSC06877-1024x680-960x300.jpg\" data-envira-src=\"http:\/\/sportskanonen.org\/wp-content\/uploads\/2015\/07\/DSC06877-1024x680-960x300.jpg\" data-envira-gallery-id=\"1155\" data-envira-item-id=\"1158\" data-envira-caption=\"SONY DSC\" alt=\"\" title=\"SONY DSC\"  itemprop=\"thumbnailUrl\" data-envira-srcset=\"http:\/\/sportskanonen.org\/wp-content\/uploads\/2015\/07\/DSC06877-1024x680-960x300.jpg 400w,http:\/\/sportskanonen.org\/wp-content\/uploads\/2015\/07\/DSC06877-1024x680-960x300.jpg 2x\" srcset=\"data:image\/gif;base64,R0lGODlhAQABAIAAAP\/\/\/\/\/\/\/yH5BAEKAAEALAAAAAABAAEAAAICTAEAOw==\" \/><\/div><\/a><\/div><\/div><div id=\"envira-gallery-item-1159\" class=\"envira-gallery-item enviratope-item envira-gallery-item-4\" style=\"padding-left: 5px; padding-bottom: 10px; padding-right: 5px;\"  itemscope itemtype=\"https:\/\/schema.org\/ImageObject\"><div class=\"envira-gallery-item-inner\"><div class=\"envira-gallery-position-overlay  envira-gallery-top-left\"><\/div><div class=\"envira-gallery-position-overlay  envira-gallery-top-right\"><\/div><div class=\"envira-gallery-position-overlay  envira-gallery-bottom-left\"><\/div><div class=\"envira-gallery-position-overlay  envira-gallery-bottom-right\"><\/div><a href=\"http:\/\/sportskanonen.org\/wp-content\/uploads\/2015\/07\/DSC06880.jpg\" class=\"envira-gallery-1155 envira-gallery-link\" rel=\"enviragallery1155\" title=\"SONY DSC\" data-envira-caption=\"SONY DSC\" data-envira-retina=\"\" data-thumbnail=\"\"  itemprop=\"contentUrl\"><div class=\"envira-lazy\" data-test-width=\"960\" data-test-height=\"300\" style=\"padding-bottom:31.25%;\"><img id=\"envira-gallery-image-1159\" class=\"envira-gallery-image envira-gallery-image-4\" data-envira-index=\"4\" src=\"http:\/\/sportskanonen.org\/wp-content\/uploads\/2015\/07\/DSC06880-1024x680-960x300.jpg\" data-envira-src=\"http:\/\/sportskanonen.org\/wp-content\/uploads\/2015\/07\/DSC06880-1024x680-960x300.jpg\" data-envira-gallery-id=\"1155\" data-envira-item-id=\"1159\" data-envira-caption=\"SONY DSC\" alt=\"\" title=\"SONY DSC\"  itemprop=\"thumbnailUrl\" data-envira-srcset=\"http:\/\/sportskanonen.org\/wp-content\/uploads\/2015\/07\/DSC06880-1024x680-960x300.jpg 400w,http:\/\/sportskanonen.org\/wp-content\/uploads\/2015\/07\/DSC06880-1024x680-960x300.jpg 2x\" srcset=\"data:image\/gif;base64,R0lGODlhAQABAIAAAP\/\/\/\/\/\/\/yH5BAEKAAEALAAAAAABAAEAAAICTAEAOw==\" \/><\/div><\/a><\/div><\/div><div id=\"envira-gallery-item-1160\" class=\"envira-gallery-item enviratope-item envira-gallery-item-5\" style=\"padding-left: 5px; padding-bottom: 10px; padding-right: 5px;\"  itemscope itemtype=\"https:\/\/schema.org\/ImageObject\"><div class=\"envira-gallery-item-inner\"><div class=\"envira-gallery-position-overlay  envira-gallery-top-left\"><\/div><div class=\"envira-gallery-position-overlay  envira-gallery-top-right\"><\/div><div class=\"envira-gallery-position-overlay  envira-gallery-bottom-left\"><\/div><div class=\"envira-gallery-position-overlay  envira-gallery-bottom-right\"><\/div><a href=\"http:\/\/sportskanonen.org\/wp-content\/uploads\/2015\/07\/MIDI-stehend-Reihe.jpg\" class=\"envira-gallery-1155 envira-gallery-link\" rel=\"enviragallery1155\" title=\"MIDI stehend Reihe\" data-envira-caption=\"MIDI stehend Reihe\" data-envira-retina=\"\" data-thumbnail=\"\"  itemprop=\"contentUrl\"><div class=\"envira-lazy\" data-test-width=\"960\" data-test-height=\"300\" style=\"padding-bottom:31.25%;\"><img id=\"envira-gallery-image-1160\" class=\"envira-gallery-image envira-gallery-image-5\" data-envira-index=\"5\" src=\"http:\/\/sportskanonen.org\/wp-content\/uploads\/2015\/07\/MIDI-stehend-Reihe-1024x722-960x300.jpg\" data-envira-src=\"http:\/\/sportskanonen.org\/wp-content\/uploads\/2015\/07\/MIDI-stehend-Reihe-1024x722-960x300.jpg\" data-envira-gallery-id=\"1155\" data-envira-item-id=\"1160\" data-envira-caption=\"MIDI stehend Reihe\" alt=\"\" title=\"MIDI stehend Reihe\"  itemprop=\"thumbnailUrl\" data-envira-srcset=\"http:\/\/sportskanonen.org\/wp-content\/uploads\/2015\/07\/MIDI-stehend-Reihe-1024x722-960x300.jpg 400w,http:\/\/sportskanonen.org\/wp-content\/uploads\/2015\/07\/MIDI-stehend-Reihe-1024x722-960x300.jpg 2x\" srcset=\"data:image\/gif;base64,R0lGODlhAQABAIAAAP\/\/\/\/\/\/\/yH5BAEKAAEALAAAAAABAAEAAAICTAEAOw==\" \/><\/div><\/a><\/div><\/div><\/div><\/div><noscript><img src=\"http:\/\/sportskanonen.org\/wp-content\/uploads\/2015\/07\/DSC06703.jpg\" alt=\"\" \/><img src=\"http:\/\/sportskanonen.org\/wp-content\/uploads\/2015\/07\/DSC06796.jpg\" alt=\"\" \/><img src=\"http:\/\/sportskanonen.org\/wp-content\/uploads\/2015\/07\/DSC06877.jpg\" alt=\"\" \/><img src=\"http:\/\/sportskanonen.org\/wp-content\/uploads\/2015\/07\/DSC06880.jpg\" alt=\"\" \/><img src=\"http:\/\/sportskanonen.org\/wp-content\/uploads\/2015\/07\/MIDI-stehend-Reihe.jpg\" alt=\"\" \/><\/noscript>\n\n\n\n<p><\/p>\n","protected":false},"excerpt":{"rendered":"<p>MIDI-Sportskanonen (ohne Begleitperson) (Midi 1\u00a0 =\u00a0 4 &#8211; 5 Jahre, Midi 2 =\u00a0 5 &#8211; 6 Jahre)\u00a0\u00a0 \u00a0 \u00a0 \u00a0 \u00a0 \u00a0 \u00a0 \u00a0 \u00a0 \u00a0 \u00a0 \u00a0 \u00a0 \u00a0 \u00a0 \u00a0 \u00a0 \u00a0 \u00a0 \u00a0 \u00a0 \u00a0 \u00a0 \u00a0 \u00a0 \u00a0 \u00a0 \u00a0 \u00a0 \u00a0 \u00a0\u00a0 In phantasievollen und herausfordernden Turneinheiten k\u00f6nnen unsere gr\u00f6\u00dferen &hellip; <a href=\"http:\/\/sportskanonen.org\/?page_id=56\" class=\"more-link\"><span class=\"screen-reader-text\">MIDI-SPORTSKANONEN<\/span> weiterlesen <span class=\"meta-nav\">&rarr;<\/span><\/a><\/p>\n","protected":false},"author":1,"featured_media":0,"parent":0,"menu_order":0,"comment_status":"closed","ping_status":"open","template":"","meta":[],"_links":{"self":[{"href":"http:\/\/sportskanonen.org\/index.php?rest_route=\/wp\/v2\/pages\/56"}],"collection":[{"href":"http:\/\/sportskanonen.org\/index.php?rest_route=\/wp\/v2\/pages"}],"about":[{"href":"http:\/\/sportskanonen.org\/index.php?rest_route=\/wp\/v2\/types\/page"}],"author":[{"embeddable":true,"href":"http:\/\/sportskanonen.org\/index.php?rest_route=\/wp\/v2\/users\/1"}],"replies":[{"embeddable":true,"href":"http:\/\/sportskanonen.org\/index.php?rest_route=%2Fwp%2Fv2%2Fcomments&post=56"}],"version-history":[{"count":127,"href":"http:\/\/sportskanonen.org\/index.php?rest_route=\/wp\/v2\/pages\/56\/revisions"}],"predecessor-version":[{"id":2964,"href":"http:\/\/sportskanonen.org\/index.php?rest_route=\/wp\/v2\/pages\/56\/revisions\/2964"}],"wp:attachment":[{"href":"http:\/\/sportskanonen.org\/index.php?rest_route=%2Fwp%2Fv2%2Fmedia&parent=56"}],"curies":[{"name":"wp","href":"https:\/\/api.w.org\/{rel}","templated":true}]}}