{"id":2925,"date":"2025-08-08T06:21:11","date_gmt":"2025-08-08T04:21:11","guid":{"rendered":"http:\/\/sportskanonen.org\/?page_id=2925"},"modified":"2025-08-08T06:21:11","modified_gmt":"2025-08-08T04:21:11","slug":"basketball","status":"publish","type":"page","link":"http:\/\/sportskanonen.org\/?page_id=2925","title":{"rendered":"Basketball"},"content":{"rendered":"\n<p><strong>MAXI-SPORTSKANONEN \u2013 Basketball (6\u201310 Jahre)<\/strong><br><strong>Dribbeln, Passen, K\u00f6rbe werfen \u2013 hier kommt Bewegung ins Spiel!<\/strong><\/p>\n\n\n\n<p>Basketball ist mehr als nur ein Ballspiel \u2013 es ist Schnelligkeit, Koordination, Teamgeist und jede Menge Spa\u00df! Viele Kinder haben vielleicht schon einmal im Schulhof ein paar K\u00f6rbe geworfen oder mit Freund*innen ein kleines Match gespielt. In unserer Basketball-Einheit greifen wir genau diese Begeisterung auf und bauen sie Schritt f\u00fcr Schritt aus.<\/p>\n\n\n\n<p>Mit viel Bewegung und spielerischen \u00dcbungen lernen die Kinder die grundlegenden Techniken des Basketballs kennen: das sichere Dribbeln mit dem Ball, das pr\u00e4zise Passen im Team und nat\u00fcrlich das Zielen und Werfen auf den Korb. Dabei geht es nicht nur um Technik, sondern auch um Reaktionsf\u00e4higkeit, Beweglichkeit und das Zusammenspiel mit anderen.<\/p>\n\n\n\n<p>Die Kinder erleben den Sport in seiner ganzen Vielfalt: In kleinen Gruppenspielen, Bewegungsstationen und lustigen Wettbewerben trainieren sie ganz nebenbei ihre Ausdauer, Koordination und ihr Ballgef\u00fchl. Auch wichtige Werte wie Fairness, gegenseitige Unterst\u00fctzung und Teamwork sind fester Bestandteil der Einheit.<\/p>\n\n\n\n<p>Basketball bietet eine ideale Grundlage f\u00fcr die sportliche Entwicklung \u2013 und ist vor allem eins: ein tolles Erlebnis f\u00fcr alle Kinder, die sich gerne bewegen, Neues ausprobieren und sich im gemeinsamen Spiel so richtig austoben m\u00f6chten!<\/p>\n\n\n\n<p><strong>Kurszeit:&nbsp; Montag, 14.30 \u2013 16.00 Uhr<\/strong><\/p>\n\n\n\n<p><strong>Kursstart:\u00a0 : <\/strong><\/p>\n\n\n\n<p><strong>Kursort:&nbsp; Mehrzweckhalle Weinitzen<\/strong><\/p>\n\n\n\n<p><strong>Trainer:\u00a0<\/strong><\/p>\n\n\n\n<p><strong>Kosten pro Semester:&nbsp; 100 \u20ac&nbsp; (Geschwisterkind 80 \u20ac)<\/strong><\/p>\n\n\n\n<p>Der Kurs findet ab 8 TeilnehmerInnen statt.<\/p>\n\n\n\n<h3 class=\"wp-block-heading\">Anmeldung:&nbsp;&nbsp;&nbsp;<a href=\"https:\/\/partner.venuzle.at\/sportunion-sportskanonen-weinitzen\/courses\/\">hier&nbsp;<\/a><\/h3>\n\n\n\n<h4 class=\"wp-block-heading\"><strong>Infos zum Kurs :&nbsp; &nbsp; &nbsp; &nbsp; &nbsp; &nbsp; &nbsp; &nbsp; &nbsp; &nbsp; &nbsp; &nbsp; &nbsp; &nbsp; &nbsp; &nbsp; &nbsp; &nbsp; &nbsp; &nbsp; &nbsp; &nbsp; &nbsp; &nbsp; &nbsp; &nbsp; &nbsp; &nbsp; &nbsp; &nbsp; &nbsp; &nbsp; &nbsp; &nbsp; &nbsp; &nbsp; &nbsp; &nbsp; &nbsp; &nbsp; &nbsp; &nbsp; &nbsp; &nbsp; &nbsp; &nbsp; &nbsp; &nbsp; &nbsp; &nbsp; &nbsp; &nbsp; &nbsp; &nbsp; &nbsp; &nbsp; &nbsp; &nbsp; &nbsp; &nbsp; &nbsp; Mag. L<\/strong>ydia Mitterhammer&nbsp;<strong>Tel:<\/strong>&nbsp;0664\/60613368&nbsp; &nbsp; &nbsp;&nbsp;<a href=\"mailto:sportskanonen.weinitzen@gmail.com\">lydia@mitterhammer.net<\/a><\/h4>\n","protected":false},"excerpt":{"rendered":"<p>MAXI-SPORTSKANONEN \u2013 Basketball (6\u201310 Jahre)Dribbeln, Passen, K\u00f6rbe werfen \u2013 hier kommt Bewegung ins Spiel! Basketball ist mehr als nur ein Ballspiel \u2013 es ist Schnelligkeit, Koordination, Teamgeist und jede Menge Spa\u00df! Viele Kinder haben vielleicht schon einmal im Schulhof ein paar K\u00f6rbe geworfen oder mit Freund*innen ein kleines Match gespielt. In unserer Basketball-Einheit greifen wir &hellip; <a href=\"http:\/\/sportskanonen.org\/?page_id=2925\" class=\"more-link\"><span class=\"screen-reader-text\">Basketball<\/span> weiterlesen <span class=\"meta-nav\">&rarr;<\/span><\/a><\/p>\n","protected":false},"author":1,"featured_media":0,"parent":0,"menu_order":0,"comment_status":"closed","ping_status":"closed","template":"","meta":[],"_links":{"self":[{"href":"http:\/\/sportskanonen.org\/index.php?rest_route=\/wp\/v2\/pages\/2925"}],"collection":[{"href":"http:\/\/sportskanonen.org\/index.php?rest_route=\/wp\/v2\/pages"}],"about":[{"href":"http:\/\/sportskanonen.org\/index.php?rest_route=\/wp\/v2\/types\/page"}],"author":[{"embeddable":true,"href":"http:\/\/sportskanonen.org\/index.php?rest_route=\/wp\/v2\/users\/1"}],"replies":[{"embeddable":true,"href":"http:\/\/sportskanonen.org\/index.php?rest_route=%2Fwp%2Fv2%2Fcomments&post=2925"}],"version-history":[{"count":1,"href":"http:\/\/sportskanonen.org\/index.php?rest_route=\/wp\/v2\/pages\/2925\/revisions"}],"predecessor-version":[{"id":2926,"href":"http:\/\/sportskanonen.org\/index.php?rest_route=\/wp\/v2\/pages\/2925\/revisions\/2926"}],"wp:attachment":[{"href":"http:\/\/sportskanonen.org\/index.php?rest_route=%2Fwp%2Fv2%2Fmedia&parent=2925"}],"curies":[{"name":"wp","href":"https:\/\/api.w.org\/{rel}","templated":true}]}}