{"id":292,"date":"2013-09-26T16:37:05","date_gmt":"2013-09-26T16:37:05","guid":{"rendered":"http:\/\/sportskanonen.org\/?page_id=292"},"modified":"2024-07-22T14:11:42","modified_gmt":"2024-07-22T12:11:42","slug":"vorstand","status":"publish","type":"page","link":"http:\/\/sportskanonen.org\/?page_id=292","title":{"rendered":"Vorstand"},"content":{"rendered":"<p style=\"text-align: center;\"><a href=\"http:\/\/sportskanonen.org\/wp-content\/uploads\/2013\/09\/JOK_4056.jpg\"><img decoding=\"async\" loading=\"lazy\" class=\"alignnone size-medium wp-image-1781\" src=\"http:\/\/sportskanonen.org\/wp-content\/uploads\/2018\/10\/JOK_4731-300x300.jpg\" alt=\"\" width=\"300\" height=\"300\" srcset=\"http:\/\/sportskanonen.org\/wp-content\/uploads\/2018\/10\/JOK_4731-300x300.jpg 300w, http:\/\/sportskanonen.org\/wp-content\/uploads\/2018\/10\/JOK_4731-150x150.jpg 150w, http:\/\/sportskanonen.org\/wp-content\/uploads\/2018\/10\/JOK_4731-768x768.jpg 768w, http:\/\/sportskanonen.org\/wp-content\/uploads\/2018\/10\/JOK_4731-1024x1024.jpg 1024w\" sizes=\"(max-width: 300px) 100vw, 300px\" \/><\/a><a href=\"http:\/\/turbinegraz.files.wordpress.com\/2013\/08\/gunther-21.jpg\"><br \/>\n<\/a><strong>SPORTSKANONEN-OBMANN<br \/>\n<\/strong>Gunther Renner, MSc<br \/>\nGeboren 1973 in Graz<\/p>\n<p style=\"text-align: center;\">Selbstst\u00e4ndiger Unternehmer im Bereich Umwelttechnik<br \/>\n20 Jahre Wettkampf Basketball in der Steirischen Landesliga, \u00dcbungsleiter Kindersport<br \/>\nVater zweier S\u00f6hne<\/p>\n<p style=\"text-align: center;\"><img decoding=\"async\" loading=\"lazy\" class=\"aligncenter wp-image-1029 size-medium\" src=\"http:\/\/sportskanonen.org\/wp-content\/uploads\/2013\/09\/JOK_4028-300x200.jpg\" alt=\"JOK_4028\" width=\"300\" height=\"200\" srcset=\"http:\/\/sportskanonen.org\/wp-content\/uploads\/2013\/09\/JOK_4028-300x200.jpg 300w, http:\/\/sportskanonen.org\/wp-content\/uploads\/2013\/09\/JOK_4028-1024x681.jpg 1024w, http:\/\/sportskanonen.org\/wp-content\/uploads\/2013\/09\/JOK_4028-150x100.jpg 150w, http:\/\/sportskanonen.org\/wp-content\/uploads\/2013\/09\/JOK_4028-200x133.jpg 200w, http:\/\/sportskanonen.org\/wp-content\/uploads\/2013\/09\/JOK_4028-250x166.jpg 250w, http:\/\/sportskanonen.org\/wp-content\/uploads\/2013\/09\/JOK_4028.jpg 1772w\" sizes=\"(max-width: 300px) 100vw, 300px\" \/><\/p>\n<p style=\"text-align: center;\"><strong>SPORTSKANONEN-SCHRIFTF\u00dcHRERIN<br \/>\n<\/strong>\u00a0 \u00a0 \u00a0 \u00a0 \u00a0 \u00a0 \u00a0 \u00a0 \u00a0 \u00a0 \u00a0 \u00a0 \u00a0 \u00a0 \u00a0 \u00a0 \u00a0 \u00a0 \u00a0 \u00a0 \u00a0 \u00a0 \u00a0 \u00a0 \u00a0 \u00a0 \u00a0 \u00a0 \u00a0 \u00a0 \u00a0 \u00a0 \u00a0 \u00a0 \u00a0 \u00a0MMag. Petra Jopp \u00a0 \u00a0 \u00a0 \u00a0 \u00a0 \u00a0 \u00a0 \u00a0 \u00a0 \u00a0 \u00a0 \u00a0 \u00a0 \u00a0 \u00a0 \u00a0 \u00a0 \u00a0 \u00a0 \u00a0 \u00a0 \u00a0 \u00a0 \u00a0 \u00a0 \u00a0 \u00a0 \u00a0 \u00a0 \u00a0 \u00a0 \u00a0 \u00a0 \u00a0 \u00a0 \u00a0 \u00a0 \u00a0Geboren 1979 in Prag<\/p>\n<p style=\"text-align: center;\">Sportwissenschafterin, Psychologin<br \/>\nMutter dreier T\u00f6chter<\/p>\n<p style=\"text-align: center;\">\n<div><\/div>\n<div><\/div>\n<div><\/div>\n<p style=\"text-align: center;\"><strong><img decoding=\"async\" loading=\"lazy\" class=\"alignnone size-medium wp-image-1779\" src=\"http:\/\/sportskanonen.org\/wp-content\/uploads\/2018\/10\/JOK_4725-300x300.jpg\" alt=\"\" width=\"300\" height=\"300\" srcset=\"http:\/\/sportskanonen.org\/wp-content\/uploads\/2018\/10\/JOK_4725-300x300.jpg 300w, http:\/\/sportskanonen.org\/wp-content\/uploads\/2018\/10\/JOK_4725-150x150.jpg 150w, http:\/\/sportskanonen.org\/wp-content\/uploads\/2018\/10\/JOK_4725-768x768.jpg 768w, http:\/\/sportskanonen.org\/wp-content\/uploads\/2018\/10\/JOK_4725-1024x1024.jpg 1024w\" sizes=\"(max-width: 300px) 100vw, 300px\" \/><br \/>\nSPORTSKANONEN-KASSIERIN<br \/>\n<\/strong>Susanne Renner-Hinteregger<br \/>\nGeboren 1974 in Graz<\/p>\n<p style=\"text-align: center;\">\u00a0 \u00a0 \u00a0 \u00a0 \u00a0 \u00a0 \u00a0 \u00a0 \u00a0 \u00a0 \u00a0 \u00a0 \u00a0Gewerbliche Masseurin, Diplomierte Fitnesstrainerin, Mentaltrainerin, Indian\u00a0 \u00a0 \u00a0 \u00a0 \u00a0 \u00a0 \u00a0 \u00a0 \u00a0 \u00a0 \u00a0 \u00a0 \u00a0 \u00a0 \u00a0 \u00a0 \u00a0 \u00a0 \u00a0 \u00a0 \u00a0 \u00a0 \u00a0 \u00a0 \u00a0 \u00a0 \u00a0 \u00a0 \u00a0 \u00a0 \u00a0 \u00a0 \u00a0Balance-Instructorin, \u00dcbungsleiterin Kindersport,\u00a0 \u00a0 \u00a0 \u00a0 \u00a0 \u00a0 \u00a0 \u00a0 \u00a0 \u00a0 \u00a0 \u00a0 \u00a0 \u00a0 \u00a0 \u00a0 \u00a0 \u00a0 \u00a0 \u00a0 \u00a0 \u00a0 Mutter zweier S\u00f6hne<\/p>\n<p style=\"text-align: center;\"><img decoding=\"async\" loading=\"lazy\" class=\"alignnone size-medium wp-image-1782\" src=\"http:\/\/sportskanonen.org\/wp-content\/uploads\/2018\/10\/JOK_4738-300x300.jpg\" alt=\"\" width=\"300\" height=\"300\" srcset=\"http:\/\/sportskanonen.org\/wp-content\/uploads\/2018\/10\/JOK_4738-300x300.jpg 300w, http:\/\/sportskanonen.org\/wp-content\/uploads\/2018\/10\/JOK_4738-150x150.jpg 150w, http:\/\/sportskanonen.org\/wp-content\/uploads\/2018\/10\/JOK_4738-768x768.jpg 768w, http:\/\/sportskanonen.org\/wp-content\/uploads\/2018\/10\/JOK_4738-1024x1024.jpg 1024w\" sizes=\"(max-width: 300px) 100vw, 300px\" \/><\/p>\n<p style=\"text-align: center;\"><strong>SPORTSKANONEN-KASSIERERIN Stv<a href=\"http:\/\/sportskanonen.org\/wp-content\/uploads\/2013\/09\/JOK_4028.jpg\"><br \/>\n<\/a>\u00a0 \u00a0 \u00a0 \u00a0 \u00a0 \u00a0 \u00a0 \u00a0 \u00a0 \u00a0 \u00a0 \u00a0 \u00a0 \u00a0 \u00a0 \u00a0 \u00a0 \u00a0 \u00a0 \u00a0 \u00a0 \u00a0 \u00a0 \u00a0 \u00a0 \u00a0 \u00a0 \u00a0 \u00a0<\/strong>\u00a0 \u00a0 \u00a0 \u00a0 \u00a0 \u00a0Mag. Lydia Mitterhammer\u00a0 \u00a0 \u00a0 \u00a0 \u00a0 \u00a0 \u00a0 \u00a0 \u00a0 \u00a0 \u00a0 \u00a0 \u00a0 \u00a0 \u00a0 \u00a0 \u00a0 \u00a0 \u00a0 \u00a0 \u00a0 \u00a0 \u00a0 \u00a0 \u00a0 \u00a0 \u00a0 \u00a0 \u00a0 \u00a0 \u00a0 \u00a0 \u00a0 \u00a0 \u00a0 \u00a0 Geboren 1981 in Graz<\/p>\n<p style=\"text-align: center;\">\u00a0 \u00a0 \u00a0 \u00a0 \u00a0 \u00a0 \u00a0 \u00a0 \u00a0 \u00a0 \u00a0 \u00a0 \u00a0 \u00a0 \u00a0 \u00a0 \u00a0 \u00a0 \u00a0 \u00a0 \u00a0 \u00a0 \u00a0 \u00a0 Sportwissenschafterin und Volleyballtrainerin,\u00a0 \u00a0 \u00a0 \u00a0 \u00a0 \u00a0 \u00a0 \u00a0 \u00a0 \u00a0 \u00a0 \u00a0 \u00a0 \u00a0 \u00a0 \u00a0 \u00a0 \u00a0 \u00a0 \u00a0 \u00a0 \u00a0 \u00a0 \u00a0 \u00a0 \u00a0 \u00a0 \u00a0 \u00a0 \u00a0 \u00a0 \u00a0 \u00a0 \u00a0 \u00a0 \u00a0 \u00a0 \u00a0 \u00a0 \u00a0 \u00a0 \u00a0 \u00a0 \u00a0 \u00a0 \u00a0 \u00a0 \u00a0 \u00a0 \u00a0 \u00a0 \u00a0 \u00a0Mutter zweier S\u00f6hne\u00a0 \u00a0 \u00a0 \u00a0 \u00a0 \u00a0 \u00a0 \u00a0 \u00a0 \u00a0 \u00a0<strong> \u00a0 \u00a0 \u00a0 \u00a0 \u00a0 \u00a0 \u00a0 \u00a0 \u00a0 \u00a0 \u00a0 \u00a0 \u00a0 \u00a0 \u00a0 \u00a0 \u00a0 \u00a0 \u00a0 \u00a0\u00a0<\/strong><\/p>\n<p style=\"text-align: center;\"><span style=\"text-decoration: underline; color: #ff6600;\"><a title=\"Kontakt\" href=\"http:\/\/sportskanonen.org\/kontakt\/\"><span style=\"color: #ff6600; text-decoration: underline;\">Kontakt<\/span><\/a><\/span><\/p>\n","protected":false},"excerpt":{"rendered":"<p>SPORTSKANONEN-OBMANN Gunther Renner, MSc Geboren 1973 in Graz Selbstst\u00e4ndiger Unternehmer im Bereich Umwelttechnik 20 Jahre Wettkampf Basketball in der Steirischen Landesliga, \u00dcbungsleiter Kindersport Vater zweier S\u00f6hne SPORTSKANONEN-SCHRIFTF\u00dcHRERIN \u00a0 \u00a0 \u00a0 \u00a0 \u00a0 \u00a0 \u00a0 \u00a0 \u00a0 \u00a0 \u00a0 \u00a0 \u00a0 \u00a0 \u00a0 \u00a0 \u00a0 \u00a0 \u00a0 \u00a0 \u00a0 \u00a0 \u00a0 \u00a0 \u00a0 \u00a0 \u00a0 \u00a0 &hellip; <a href=\"http:\/\/sportskanonen.org\/?page_id=292\" class=\"more-link\"><span class=\"screen-reader-text\">Vorstand<\/span> weiterlesen <span class=\"meta-nav\">&rarr;<\/span><\/a><\/p>\n","protected":false},"author":1,"featured_media":0,"parent":0,"menu_order":0,"comment_status":"closed","ping_status":"open","template":"","meta":[],"_links":{"self":[{"href":"http:\/\/sportskanonen.org\/index.php?rest_route=\/wp\/v2\/pages\/292"}],"collection":[{"href":"http:\/\/sportskanonen.org\/index.php?rest_route=\/wp\/v2\/pages"}],"about":[{"href":"http:\/\/sportskanonen.org\/index.php?rest_route=\/wp\/v2\/types\/page"}],"author":[{"embeddable":true,"href":"http:\/\/sportskanonen.org\/index.php?rest_route=\/wp\/v2\/users\/1"}],"replies":[{"embeddable":true,"href":"http:\/\/sportskanonen.org\/index.php?rest_route=%2Fwp%2Fv2%2Fcomments&post=292"}],"version-history":[{"count":30,"href":"http:\/\/sportskanonen.org\/index.php?rest_route=\/wp\/v2\/pages\/292\/revisions"}],"predecessor-version":[{"id":2822,"href":"http:\/\/sportskanonen.org\/index.php?rest_route=\/wp\/v2\/pages\/292\/revisions\/2822"}],"wp:attachment":[{"href":"http:\/\/sportskanonen.org\/index.php?rest_route=%2Fwp%2Fv2%2Fmedia&parent=292"}],"curies":[{"name":"wp","href":"https:\/\/api.w.org\/{rel}","templated":true}]}}