{"id":1742,"date":"2018-09-13T15:37:03","date_gmt":"2018-09-13T13:37:03","guid":{"rendered":"http:\/\/sportskanonen.org\/?page_id=1742"},"modified":"2020-01-17T17:11:22","modified_gmt":"2020-01-17T15:11:22","slug":"agbs","status":"publish","type":"page","link":"http:\/\/sportskanonen.org\/?page_id=1742","title":{"rendered":"AGBs"},"content":{"rendered":"<h6><span style=\"text-decoration: underline; color: #ff6600;\"><strong>AGB Kurse Sportskanonen Weinitzen<\/strong><\/span><\/h6>\n<p><span style=\"text-decoration: underline; color: #ff6600;\"><strong>Allgemeines:\u00a0<\/strong><\/span><span style=\"color: #ff6600;\"><strong> \u00a0 \u00a0<\/strong><\/span><\/p>\n<p>Alle Kurse werden vom Verein Sportskanonen Weinitzen durchgef\u00fchrt.<\/p>\n<p><span style=\"text-decoration: underline; color: #ff6600;\"><strong>Anmeldungsvoraussetzungen:\u00a0<\/strong><\/span><\/p>\n<p>Berechtigt sind die Eltern bzw. die gesetzlichen Vertreter.<\/p>\n<p><span style=\"text-decoration: underline; color: #ff6600;\"><strong>Anmeldung und Abmeldung:\u00a0<\/strong><\/span><\/p>\n<p>Die Sportskanonen Weinitzen nehmen grunds\u00e4tzlich Anmeldungen von KursteilnehmerInnen nur schriftlich entgegen (per E-Mail an: office@sportskanonen.org). Jede Anmeldung, auch wenn diese ausnahmsweise telefonisch oder pers\u00f6nlich vorgenommen wird, ist verbindlich. Bei limitierter TeilnehmerInnenzahl ist die Reihenfolge der Anmeldung ma\u00dfgebend. Des Weiteren best\u00e4tigen die KursteilnehmerInnen mit der jeweiligen Anmeldung, dass ihre k\u00f6rperliche und geistige Gesundheit gegeben ist.<\/p>\n<p>Eine Abmeldung kann nur schriftlich erfolgen (per E-Mail an: office@sportskanonen.org). M\u00f6gliche anfallende Kosten sind unter dem Punkt \u201eStornobedingungen\u201c angef\u00fchrt.<\/p>\n<p><strong><span style=\"text-decoration: underline;\"><span style=\"color: #ff6600; text-decoration: underline;\">Absage\/\u00c4nderung von Kursen:<\/span><\/span>\u00a0<\/strong><\/p>\n<p>Die Sportskanonen Weinitzen behalten sich das Recht vor, bei zu geringer TeilnehmerInnen-Anzahl oder aus anderen zwingenden Gr\u00fcnden den angek\u00fcndigten Kurs abzusagen. Ein Rechtsanspruch auf Durchf\u00fchrung eines gebuchten Kurses besteht nicht. Die betroffenen Personen werden davon in geeigneter Weise in Kenntnis gesetzt, und die bereits einbezahlte Kursgeb\u00fchr wird umgehend refundiert. Ebenso behalten sich die Sportskanonen Weinitzen vor, Kursorte und Termine sowie KursleiterInnen zu \u00e4ndern.<\/p>\n<p><span style=\"text-decoration: underline; color: #ff6600;\"><strong>Zahlungsbedingungen\/Kosten:\u00a0<\/strong><\/span><\/p>\n<p>Die Kursgeb\u00fchr ist innerhalb einer Woche nach schriftlicher Kursanmeldung zu bezahlen.<\/p>\n<p><span style=\"text-decoration: underline; color: #ff6600;\"><strong>Haftung:<\/strong><\/span><\/p>\n<p>Die Haftung f\u00fcr Verletzungen eines Teilnehmers, die w\u00e4hrend des Kurses auftreten, wird ausgeschlossen, sofern diese nicht\u00a0vors\u00e4tzlich oder grob fahrl\u00e4ssig von Personen im Verantwortungsbereich der Sportskanonen Weinitzen herbeigef\u00fchrt wurden.<\/p>\n<p>F\u00fcr pers\u00f6nliche Gegenst\u00e4nde der TeilnehmerInnen wird seitens der Sportskanonen Weinitzen keine Haftung \u00fcbernommen.<\/p>\n<p><span style=\"text-decoration: underline; color: #ff6600;\"><strong>Datenschutz:<\/strong><\/span><\/p>\n<p>Personenbezogene Daten, die im Rahmen der Kursanmeldung erhoben werden, werden gespeichert, bearbeitet und ausschlie\u00dflich innerhalb der Sportskanonen Weinitzen zum Zweck der Information der Teilnehmer \u00fcber Kurse und Angebote des Vereins verwendet. Diese Zustimmung kann seitens der Teilnehmer jederzeit schriftlich widerrufen werden.<\/p>\n<p><span style=\"text-decoration: underline; color: #ff6600;\"><strong>Rechtsweg:<\/strong><\/span><\/p>\n<p>\u00c4nderungen und Abweichungen von diesem AGB bed\u00fcrfen der Schriftform.<\/p>\n<p>&nbsp;<\/p>\n<h2><\/h2>\n","protected":false},"excerpt":{"rendered":"<p>AGB Kurse Sportskanonen Weinitzen Allgemeines:\u00a0 \u00a0 \u00a0 Alle Kurse werden vom Verein Sportskanonen Weinitzen durchgef\u00fchrt. Anmeldungsvoraussetzungen:\u00a0 Berechtigt sind die Eltern bzw. die gesetzlichen Vertreter. Anmeldung und Abmeldung:\u00a0 Die Sportskanonen Weinitzen nehmen grunds\u00e4tzlich Anmeldungen von KursteilnehmerInnen nur schriftlich entgegen (per E-Mail an: office@sportskanonen.org). Jede Anmeldung, auch wenn diese ausnahmsweise telefonisch oder pers\u00f6nlich vorgenommen wird, ist verbindlich. &hellip; <a href=\"http:\/\/sportskanonen.org\/?page_id=1742\" class=\"more-link\"><span class=\"screen-reader-text\">AGBs<\/span> weiterlesen <span class=\"meta-nav\">&rarr;<\/span><\/a><\/p>\n","protected":false},"author":1,"featured_media":0,"parent":0,"menu_order":0,"comment_status":"closed","ping_status":"closed","template":"","meta":[],"_links":{"self":[{"href":"http:\/\/sportskanonen.org\/index.php?rest_route=\/wp\/v2\/pages\/1742"}],"collection":[{"href":"http:\/\/sportskanonen.org\/index.php?rest_route=\/wp\/v2\/pages"}],"about":[{"href":"http:\/\/sportskanonen.org\/index.php?rest_route=\/wp\/v2\/types\/page"}],"author":[{"embeddable":true,"href":"http:\/\/sportskanonen.org\/index.php?rest_route=\/wp\/v2\/users\/1"}],"replies":[{"embeddable":true,"href":"http:\/\/sportskanonen.org\/index.php?rest_route=%2Fwp%2Fv2%2Fcomments&post=1742"}],"version-history":[{"count":5,"href":"http:\/\/sportskanonen.org\/index.php?rest_route=\/wp\/v2\/pages\/1742\/revisions"}],"predecessor-version":[{"id":1764,"href":"http:\/\/sportskanonen.org\/index.php?rest_route=\/wp\/v2\/pages\/1742\/revisions\/1764"}],"wp:attachment":[{"href":"http:\/\/sportskanonen.org\/index.php?rest_route=%2Fwp%2Fv2%2Fmedia&parent=1742"}],"curies":[{"name":"wp","href":"https:\/\/api.w.org\/{rel}","templated":true}]}}