{"id":1652,"date":"2018-09-11T09:51:40","date_gmt":"2018-09-11T07:51:40","guid":{"rendered":"http:\/\/sportskanonen.org\/?page_id=1652"},"modified":"2025-10-10T10:08:44","modified_gmt":"2025-10-10T08:08:44","slug":"geraeteturnen","status":"publish","type":"page","link":"http:\/\/sportskanonen.org\/?page_id=1652","title":{"rendered":"GER\u00c4TTURNEN"},"content":{"rendered":"<h3><span style=\"text-decoration: underline;\"><span style=\"color: #ff6600; text-decoration: underline;\">Ger\u00e4tturnen (Kinder 6-10 Jahre, 2.,3. und 4. Volksschule)<\/span><\/span><\/h3>\n<p>Im Rahmen der neuen Einheit GER\u00c4TTURNEN wollen wir alle teilnehmenden Kinder mit einem Basis-Repertoire an grundlegenden Bewegungsmustern an den unterschiedlichen Turnger\u00e4ten ausstatten.<\/p>\n<p>Im Fokus liegen hier unter anderem auch Kr\u00e4ftigungs- und Dehnungs\u00fcbungen, die es Kindern erm\u00f6glichen, auch Handst\u00e4nde, R\u00e4der, Schw\u00fcnge am Reck oder Barren sowie Spr\u00fcnge \u00fcber den Kasten zu erlernen.<\/p>\n<p>Es ist uns au\u00dferdem ein Anliegen, Kindern zu zeigen, wie man mit Wille und Anstrengung seine Ziele erreichen kann. Denn wie jeder Sport hilft auch Turnen ganz klar dabei, ein gesundes Vertrauen in seine pers\u00f6nlichen F\u00e4higkeiten zu entwickeln, seine Grenzen auszuloten und Herausforderungen selbstbewusst gegen\u00fcber zu treten. Unser Ziel besteht demnach nicht nur darin unsere Kinder mit den k\u00f6rperlichen Grundlagen f\u00fcr alle Sportarten auszustatten, sondern ihnen auch Teamgeist, Disziplin und Selbstst\u00e4ndigkeit zu vermitteln.<\/p>\n<p>F\u00fcr diesen Kurs sind keine turnerischen Vorkenntnisse erforderlich.<\/p>\n<p><strong><span style=\"text-decoration: underline;\">Kurszeit:<\/span>\u00a0 Donnerstag, 14.15 &#8211; 15.45 Uhr<\/strong><\/p>\n<p><strong><span style=\"text-decoration: underline;\">Kursort:<\/span>\u00a0 Mehrzweckhalle Weinitzen<\/strong><\/p>\n<p><strong><span style=\"text-decoration: underline;\">Trainerin:<\/span>\u00a0 Kevin Schober<\/strong><\/p>\n<p><strong><span style=\"text-decoration: underline;\">Kosten pro Semester:<\/span>\u00a0 100\u20ac\u00a0 (Geschwisterkind\u00a0 80\u20ac)<\/strong><\/p>\n<p>Der Kurs findet ab 8 TeilnehmerInnen statt.<\/p>\n<h3><span style=\"color: #ff6600;\">Anmedung :\u00a0 <\/span><span style=\"color: #ff0000;\">\u00a0<a href=\"https:\/\/partner.venuzle.at\/sportunion-sportskanonen-weinitzen\/courses\/\">hier<\/a><\/span><\/h3>\n<h4><strong>Infos zum Kurs :\u00a0 \u00a0 \u00a0 \u00a0 \u00a0 \u00a0 \u00a0 \u00a0 \u00a0 \u00a0 \u00a0 \u00a0 \u00a0 \u00a0 \u00a0 \u00a0 \u00a0 \u00a0 \u00a0 \u00a0 \u00a0 \u00a0 \u00a0 \u00a0 \u00a0 \u00a0 \u00a0 \u00a0 \u00a0 \u00a0 \u00a0 \u00a0 \u00a0 \u00a0 \u00a0 \u00a0 \u00a0 \u00a0 \u00a0 \u00a0 \u00a0 \u00a0 \u00a0 \u00a0 \u00a0 \u00a0 \u00a0 \u00a0 \u00a0 \u00a0 \u00a0 \u00a0 \u00a0 \u00a0 \u00a0 \u00a0 \u00a0 \u00a0 \u00a0 \u00a0 \u00a0 Mag. L<\/strong>ydia Mitterhammer <strong>Tel:<\/strong> 0664\/60613368\u00a0 \u00a0 \u00a0 <span style=\"color: #000000;\"><a style=\"color: #000000;\" href=\"mailto:sportskanonen.weinitzen@gmail.com\">lydia@mitterhammer.net<\/a><\/span><\/h4>\n<h6><strong>Wir bitten den Kursbeitrag ausschlie\u00dflich per Onlinebanking zu bezahlen.<\/strong><\/h6>\n<p style=\"margin-top: 0; margin-bottom: 0; margin-left: 0; text-align: left; direction: ltr; unicode-bidi: embed; word-break: normal;\"><span style=\"color: #ff6600;\"><strong>Kontoverbindung:<\/strong><\/span><\/p>\n<p style=\"margin-top: 0; margin-bottom: 0; margin-left: 0; text-align: left; direction: ltr; unicode-bidi: embed; word-break: normal;\"><span style=\"color: #ff6600;\">Raiffeisenbank Graz Mariatrost<\/span><\/p>\n<p style=\"margin-top: 0; margin-bottom: 0; margin-left: 0; text-align: left; direction: ltr; unicode-bidi: embed; word-break: normal;\"><span style=\"color: #ff6600;\">Kto.Nr.: 4.192.621<\/span><\/p>\n<p style=\"margin-top: 0; margin-bottom: 0; margin-left: 0; text-align: left; direction: ltr; unicode-bidi: embed; word-break: normal;\"><span style=\"font-size: 12pt; font-family: Calibri; color: #ff6600;\">BLZ: 38377<\/span><\/p>\n<p style=\"margin-top: 0; margin-bottom: 0; margin-left: 0; text-align: left; direction: ltr; unicode-bidi: embed; word-break: normal;\"><span style=\"font-size: 12pt; font-family: Calibri; color: #ff6600;\">(<span style=\"color: #ff6600;\">IBAN: AT66 3837 7000 0419 2621 BIC: RZSTAT2G377<\/span>)<\/span><\/p>\n\n\n<p><\/p>\n","protected":false},"excerpt":{"rendered":"<p>Ger\u00e4tturnen (Kinder 6-10 Jahre, 2.,3. und 4. Volksschule) Im Rahmen der neuen Einheit GER\u00c4TTURNEN wollen wir alle teilnehmenden Kinder mit einem Basis-Repertoire an grundlegenden Bewegungsmustern an den unterschiedlichen Turnger\u00e4ten ausstatten. Im Fokus liegen hier unter anderem auch Kr\u00e4ftigungs- und Dehnungs\u00fcbungen, die es Kindern erm\u00f6glichen, auch Handst\u00e4nde, R\u00e4der, Schw\u00fcnge am Reck oder Barren sowie Spr\u00fcnge \u00fcber &hellip; <a href=\"http:\/\/sportskanonen.org\/?page_id=1652\" class=\"more-link\"><span class=\"screen-reader-text\">GER\u00c4TTURNEN<\/span> weiterlesen <span class=\"meta-nav\">&rarr;<\/span><\/a><\/p>\n","protected":false},"author":1,"featured_media":0,"parent":0,"menu_order":0,"comment_status":"closed","ping_status":"closed","template":"","meta":[],"_links":{"self":[{"href":"http:\/\/sportskanonen.org\/index.php?rest_route=\/wp\/v2\/pages\/1652"}],"collection":[{"href":"http:\/\/sportskanonen.org\/index.php?rest_route=\/wp\/v2\/pages"}],"about":[{"href":"http:\/\/sportskanonen.org\/index.php?rest_route=\/wp\/v2\/types\/page"}],"author":[{"embeddable":true,"href":"http:\/\/sportskanonen.org\/index.php?rest_route=\/wp\/v2\/users\/1"}],"replies":[{"embeddable":true,"href":"http:\/\/sportskanonen.org\/index.php?rest_route=%2Fwp%2Fv2%2Fcomments&post=1652"}],"version-history":[{"count":98,"href":"http:\/\/sportskanonen.org\/index.php?rest_route=\/wp\/v2\/pages\/1652\/revisions"}],"predecessor-version":[{"id":2956,"href":"http:\/\/sportskanonen.org\/index.php?rest_route=\/wp\/v2\/pages\/1652\/revisions\/2956"}],"wp:attachment":[{"href":"http:\/\/sportskanonen.org\/index.php?rest_route=%2Fwp%2Fv2%2Fmedia&parent=1652"}],"curies":[{"name":"wp","href":"https:\/\/api.w.org\/{rel}","templated":true}]}}